{"id":7,"date":"2018-04-27T16:31:10","date_gmt":"2018-04-27T16:31:10","guid":{"rendered":"http:\/\/www.sailandfly.com.uy\/wordpress\/?page_id=7"},"modified":"2021-10-17T21:06:59","modified_gmt":"2021-10-17T21:06:59","slug":"inicio","status":"publish","type":"page","link":"http:\/\/www.sailandfly.com.uy\/en\/","title":{"rendered":"OUR COMPANY"},"content":{"rendered":"<p><img loading=\"lazy\" class=\"alignnone wp-image-71 size-full\" src=\"http:\/\/www.sailandfly.com.uy\/wp-content\/uploads\/2018\/05\/logosyf.jpg\" alt=\"\" width=\"952\" height=\"291\" \/><\/p>\n\n\n<p>Founded in 1998&nbsp;<strong>SAIL &amp; FLY BROKER FREIGHT FORWARDER <\/strong>is a company that provides logistics solutions tailored to customers\u2019 needs, qualify to manage sea, air and land shipping, anywhere in the world and follow up from origin until reaches final destination.<br><\/p>\n\n\n\n<p>In order to achieve this, we are part of several freight forwarder networks from around the world. We are members of IATA ((International Air Transport Association) and are affiliated to an international network of over 300 offices worldwide.\u00a0<\/p>","protected":false},"excerpt":{"rendered":"<p>Fundada en 1998&nbsp;SAIL &amp; FLY BROKER FREIGHT FORWARDER es una empresa que provee soluciones log\u00edsticas adecuadas a las necesidades del cliente, capacitada para tomar embarques mar\u00edtimos, a\u00e9reos o terrestres, en cualquier lugar del mundo y gestionar el tr\u00e1nsito desde su lugar de origen, dando seguimiento hasta arribar a destino. Para esto somos parte de varias &hellip; <\/p>\n<p class=\"link-more\"><a href=\"http:\/\/www.sailandfly.com.uy\/en\/\" class=\"more-link\">Continue reading<span class=\"screen-reader-text\"> \u00abEmpresa\u00bb<\/span><\/a><\/p>","protected":false},"author":1,"featured_media":0,"parent":0,"menu_order":0,"comment_status":"closed","ping_status":"closed","template":"","meta":[],"_links":{"self":[{"href":"http:\/\/www.sailandfly.com.uy\/en\/wp-json\/wp\/v2\/pages\/7"}],"collection":[{"href":"http:\/\/www.sailandfly.com.uy\/en\/wp-json\/wp\/v2\/pages"}],"about":[{"href":"http:\/\/www.sailandfly.com.uy\/en\/wp-json\/wp\/v2\/types\/page"}],"author":[{"embeddable":true,"href":"http:\/\/www.sailandfly.com.uy\/en\/wp-json\/wp\/v2\/users\/1"}],"replies":[{"embeddable":true,"href":"http:\/\/www.sailandfly.com.uy\/en\/wp-json\/wp\/v2\/comments?post=7"}],"version-history":[{"count":7,"href":"http:\/\/www.sailandfly.com.uy\/en\/wp-json\/wp\/v2\/pages\/7\/revisions"}],"predecessor-version":[{"id":144,"href":"http:\/\/www.sailandfly.com.uy\/en\/wp-json\/wp\/v2\/pages\/7\/revisions\/144"}],"wp:attachment":[{"href":"http:\/\/www.sailandfly.com.uy\/en\/wp-json\/wp\/v2\/media?parent=7"}],"curies":[{"name":"wp","href":"https:\/\/api.w.org\/{rel}","templated":true}]}}